{"id":474,"date":"2020-12-16T16:19:36","date_gmt":"2020-12-16T15:19:36","guid":{"rendered":"http:\/\/sculpteurpradier.com\/?page_id=474"},"modified":"2021-01-27T17:30:21","modified_gmt":"2021-01-27T16:30:21","slug":"ou-trouver-pradier","status":"publish","type":"page","link":"https:\/\/sculpteurpradier.com\/index.php\/ou-trouver-pradier\/","title":{"rendered":"O\u00f9 trouver Pradier ?"},"content":{"rendered":"[vc_row content_placement=\u00a0\u00bbmiddle\u00a0\u00bb][vc_column][vc_column_text]Retrouvez sur notre carte interactive toutes les \u0153uvres de Pradier recens\u00e9es dans les mus\u00e9es et les espaces publics.[\/vc_column_text][vc_raw_html]JTNDaWZyYW1lJTIwd2lkdGglM0QlMjIxMDAlMjUlMjIlMjBoZWlnaHQlM0QlMjI2MDBweCUyMiUyMGZyYW1lYm9yZGVyJTNEJTIyMCUyMiUyMGFsbG93ZnVsbHNjcmVlbiUyMHNyYyUzRCUyMiUyRiUyRnVtYXAub3BlbnN0cmVldG1hcC5mciUyRmZyJTJGbWFwJTJGb3V2cmFnZXMtZGUtamFtZXMtcHJhZGllcl81MjgzMzQlM0ZzY2FsZUNvbnRyb2wlM0RmYWxzZSUyNm1pbmlNYXAlM0RmYWxzZSUyNnNjcm9sbFdoZWVsWm9vbSUzRGZhbHNlJTI2em9vbUNvbnRyb2wlM0R0cnVlJTI2YWxsb3dFZGl0JTNEZmFsc2UlMjZtb3JlQ29udHJvbCUzRHRydWUlMjZzZWFyY2hDb250cm9sJTNEZmFsc2UlMjZ0aWxlbGF5ZXJzQ29udHJvbCUzRG51bGwlMjZlbWJlZENvbnRyb2wlM0RmYWxzZSUyNmRhdGFsYXllcnNDb250cm9sJTNEdHJ1ZSUyNm9uTG9hZFBhbmVsJTNEY2FwdGlvbiUyNmNhcHRpb25CYXIlM0RmYWxzZSUyNmZ1bGxzY3JlZW5Db250cm9sJTNEdHJ1ZSUyNmxvY2F0ZUNvbnRyb2wlM0RudWxsJTI2ZWRpdGlub3NtQ29udHJvbCUzRGZhbHNlJTIyJTNFJTNDJTJGaWZyYW1lJTNF[\/vc_raw_html][vc_column_text]\n<p style=\"text-align: center;\"><a href=\"\/\/umap.openstreetmap.fr\/fr\/map\/ouvrages-de-james-pradier_528334\">Voir en plein \u00e9cran<\/a><\/p>\n<p style=\"text-align: center;\">Une \u0153uvre est manquante ? N&rsquo;h\u00e9sitez pas \u00e0 nous en faire part <a href=\"https:\/\/sculpteurpradier.com\/index.php\/contact\/\">ici<\/a>.<\/p>\n[\/vc_column_text][\/vc_column][\/vc_row][vc_row][vc_column][\/vc_column][\/vc_row]\n","protected":false},"excerpt":{"rendered":"<p>[vc_row content_placement=\u00a0\u00bbmiddle\u00a0\u00bb][vc_column][vc_column_text]Retrouvez sur notre carte interactive toutes les \u0153uvres de Pradier recens\u00e9es dans les mus\u00e9es et les espaces publics.[\/vc_column_text][vc_raw_html]JTNDaWZyYW1lJTIwd2lkdGglM0QlMjIxMDAlMjUlMjIlMjBoZWlnaHQlM0QlMjI2MDBweCUyMiUyMGZyYW1lYm9yZGVyJTNEJTIyMCUyMiUyMGFsbG93ZnVsbHNjcmVlbiUyMHNyYyUzRCUyMiUyRiUyRnVtYXAub3BlbnN0cmVldG1hcC5mciUyRmZyJTJGbWFwJTJGb3V2cmFnZXMtZGUtamFtZXMtcHJhZGllcl81MjgzMzQlM0ZzY2FsZUNvbnRyb2wlM0RmYWxzZSUyNm1pbmlNYXAlM0RmYWxzZSUyNnNjcm9sbFdoZWVsWm9vbSUzRGZhbHNlJTI2em9vbUNvbnRyb2wlM0R0cnVlJTI2YWxsb3dFZGl0JTNEZmFsc2UlMjZtb3JlQ29udHJvbCUzRHRydWUlMjZzZWFyY2hDb250cm9sJTNEZmFsc2UlMjZ0aWxlbGF5ZXJzQ29udHJvbCUzRG51bGwlMjZlbWJlZENvbnRyb2wlM0RmYWxzZSUyNmRhdGFsYXllcnNDb250cm9sJTNEdHJ1ZSUyNm9uTG9hZFBhbmVsJTNEY2FwdGlvbiUyNmNhcHRpb25CYXIlM0RmYWxzZSUyNmZ1bGxzY3JlZW5Db250cm9sJTNEdHJ1ZSUyNmxvY2F0ZUNvbnRyb2wlM0RudWxsJTI2ZWRpdGlub3NtQ29udHJvbCUzRGZhbHNlJTIyJTNFJTNDJTJGaWZyYW1lJTNF[\/vc_raw_html][vc_column_text] Voir en plein \u00e9cran Une \u0153uvre est manquante ? N&rsquo;h\u00e9sitez pas \u00e0 nous en faire part ici. [\/vc_column_text][\/vc_column][\/vc_row][vc_row][vc_column][\/vc_column][\/vc_row]<\/p>\n","protected":false},"author":1,"featured_media":0,"parent":0,"menu_order":0,"comment_status":"closed","ping_status":"closed","template":"","meta":{"footnotes":""},"_links":{"self":[{"href":"https:\/\/sculpteurpradier.com\/index.php\/wp-json\/wp\/v2\/pages\/474"}],"collection":[{"href":"https:\/\/sculpteurpradier.com\/index.php\/wp-json\/wp\/v2\/pages"}],"about":[{"href":"https:\/\/sculpteurpradier.com\/index.php\/wp-json\/wp\/v2\/types\/page"}],"author":[{"embeddable":true,"href":"https:\/\/sculpteurpradier.com\/index.php\/wp-json\/wp\/v2\/users\/1"}],"replies":[{"embeddable":true,"href":"https:\/\/sculpteurpradier.com\/index.php\/wp-json\/wp\/v2\/comments?post=474"}],"version-history":[{"count":14,"href":"https:\/\/sculpteurpradier.com\/index.php\/wp-json\/wp\/v2\/pages\/474\/revisions"}],"predecessor-version":[{"id":669,"href":"https:\/\/sculpteurpradier.com\/index.php\/wp-json\/wp\/v2\/pages\/474\/revisions\/669"}],"wp:attachment":[{"href":"https:\/\/sculpteurpradier.com\/index.php\/wp-json\/wp\/v2\/media?parent=474"}],"curies":[{"name":"wp","href":"https:\/\/api.w.org\/{rel}","templated":true}]}}